{"id":8,"date":"2020-01-19T13:11:41","date_gmt":"2020-01-19T13:11:41","guid":{"rendered":"http:\/\/goddialogklinikken.no\/?page_id=8"},"modified":"2021-08-05T09:12:35","modified_gmt":"2021-08-05T07:12:35","slug":"kontakt","status":"publish","type":"page","link":"https:\/\/goddialogklinikken.no\/en\/kontakt\/","title":{"rendered":"Where to find us"},"content":{"rendered":"<h4 class=\"wp-block-heading\">Contact <\/h4>\n\n\n\n<p>GOD\nDIALOG-klinikken<\/p>\n\n\n\n<p><strong>Adress:&nbsp;<\/strong>&nbsp;&nbsp;&nbsp;&nbsp;&nbsp;&nbsp;&nbsp;&nbsp; Apotekerg\u00e5rden, Rich. Withsgate 9, 8450 Stokmarknes<\/p>\n\n\n\n<p><strong>Telephone:&nbsp;&nbsp;<\/strong>&nbsp;&nbsp;&nbsp;&nbsp;&nbsp;&nbsp;&nbsp; +47&nbsp;918 20&nbsp;131<\/p>\n\n\n\n<p><strong>E-mail:<\/strong> &nbsp;&nbsp;&nbsp;&nbsp;&nbsp;&nbsp;&nbsp;&nbsp;&nbsp;&nbsp; post@goddialogklinikken<\/p>\n\n\n\n<p><strong>Opening hours:<\/strong>&nbsp;&nbsp;&nbsp;&nbsp;&nbsp;&nbsp;&nbsp;&nbsp;&nbsp;&nbsp;&nbsp;&nbsp;&nbsp;&nbsp;&nbsp;&nbsp; Weekdays during the day. <\/p>\n\n\n\n<p>If you are busy during the day, we can work together to schedule an appointment after 4:00 pm. <\/p>\n\n\n\n<p>You may also email og text us.<\/p>\n\n\n\n<figure class=\"wp-block-image size-large\"><img loading=\"lazy\" decoding=\"async\" width=\"1024\" height=\"576\" src=\"http:\/\/goddialogklinikken.no\/wp-content\/uploads\/2020\/01\/int5-1024x576.jpg\" alt=\"\" class=\"wp-image-89\" srcset=\"https:\/\/goddialogklinikken.no\/wp-content\/uploads\/2020\/01\/int5-1024x576.jpg 1024w, https:\/\/goddialogklinikken.no\/wp-content\/uploads\/2020\/01\/int5-300x169.jpg 300w, https:\/\/goddialogklinikken.no\/wp-content\/uploads\/2020\/01\/int5-768x432.jpg 768w, https:\/\/goddialogklinikken.no\/wp-content\/uploads\/2020\/01\/int5-1536x864.jpg 1536w, https:\/\/goddialogklinikken.no\/wp-content\/uploads\/2020\/01\/int5-1200x675.jpg 1200w, https:\/\/goddialogklinikken.no\/wp-content\/uploads\/2020\/01\/int5-1980x1114.jpg 1980w, https:\/\/goddialogklinikken.no\/wp-content\/uploads\/2020\/01\/int5.jpg 2016w\" sizes=\"auto, (max-width: 1024px) 100vw, 1024px\" \/><\/figure>\n\n\n\n<h4 class=\"wp-block-heading\">Opening hours<\/h4>\n\n\n\n<p>Weekdays during the day. We can also work together to schedule an appointment after 4:00 pm.<\/p>\n\n\n\n<h4 class=\"wp-block-heading\">Referral<\/h4>\n\n\n\n<p>The GOOD DIALOGUE-clinic is private and does not have a referral process. Everyone can contact us directly and it is not necessary to have a referral to get treatment.<\/p>\n\n\n\n<div class=\"wp-block-image\"><figure class=\"alignright size-large\"><img loading=\"lazy\" decoding=\"async\" width=\"576\" height=\"1024\" src=\"http:\/\/goddialogklinikken.no\/wp-content\/uploads\/2020\/01\/eks1-576x1024.jpg\" alt=\"\" class=\"wp-image-95\" srcset=\"https:\/\/goddialogklinikken.no\/wp-content\/uploads\/2020\/01\/eks1-576x1024.jpg 576w, https:\/\/goddialogklinikken.no\/wp-content\/uploads\/2020\/01\/eks1-169x300.jpg 169w, https:\/\/goddialogklinikken.no\/wp-content\/uploads\/2020\/01\/eks1-768x1366.jpg 768w, https:\/\/goddialogklinikken.no\/wp-content\/uploads\/2020\/01\/eks1-864x1536.jpg 864w, https:\/\/goddialogklinikken.no\/wp-content\/uploads\/2020\/01\/eks1.jpg 1120w\" sizes=\"auto, (max-width: 576px) 100vw, 576px\" \/><\/figure><\/div>\n\n\n\n<h4 class=\"wp-block-heading\">Where to find us<\/h4>\n\n\n\n<p>The GOOD DIALOGUE-clinic is located in the senter of Stokmarknes. Our offices are in Apotekerg\u00e5rden, Rich. Withs gt. 9. Entrance from the back of the building.<\/p>\n\n\n\n<h4 class=\"wp-block-heading\">CONFIDENTIALITY<\/h4>\n\n\n\n<p>All information is treated with the utmost confidentiality and care. <\/p>\n\n\n\n<p>We use the PsykBase journaling system. It is not connected to other journal systems.<\/p>\n\n\n\n<p>We uphold the ethical guidelines dictated by the Norwegian Medical Association (Den Norske Legeforening) and the Norwegian Occupational Therapist Association (Norsk ergoterapeut forbund). <\/p>\n\n\n\n<p><\/p>","protected":false},"excerpt":{"rendered":"<p>Kontakt GOD DIALOG-klinikken Adresse:&nbsp;&nbsp;&nbsp;&nbsp;&nbsp;&nbsp;&nbsp;&nbsp;&nbsp; Apotekerg\u00e5rden, Rich. Withsgate 9, 8450 Stokmarknes Telefon:&nbsp;&nbsp;&nbsp;&nbsp;&nbsp;&nbsp;&nbsp;&nbsp;&nbsp; +47&nbsp;918 20&nbsp;131 E-post: &nbsp;&nbsp;&nbsp;&nbsp;&nbsp;&nbsp;&nbsp;&nbsp;&nbsp;&nbsp; post@goddialogklinikken Tid:&nbsp;&nbsp;&nbsp;&nbsp;&nbsp;&nbsp;&nbsp;&nbsp;&nbsp;&nbsp;&nbsp;&nbsp;&nbsp;&nbsp;&nbsp;&nbsp; Hverdager mellom kl. 09.00 og 16.00. Hvis vi er opptatt n\u00e5r du ringer, tar vi kontakt s\u00e5 snart vi er ledige. Det er ikke n\u00f8dvendig \u00e5 legge igjen beskjed. Du kan ogs\u00e5 sende SMS eller e-post. \u00c5pningstider Hverdager [&hellip;]<\/p>\n","protected":false},"author":1,"featured_media":0,"parent":0,"menu_order":0,"comment_status":"closed","ping_status":"closed","template":"templates\/template-full-width.php","meta":{"footnotes":""},"class_list":["post-8","page","type-page","status-publish","hentry"],"jetpack_sharing_enabled":true,"_links":{"self":[{"href":"https:\/\/goddialogklinikken.no\/en\/wp-json\/wp\/v2\/pages\/8","targetHints":{"allow":["GET"]}}],"collection":[{"href":"https:\/\/goddialogklinikken.no\/en\/wp-json\/wp\/v2\/pages"}],"about":[{"href":"https:\/\/goddialogklinikken.no\/en\/wp-json\/wp\/v2\/types\/page"}],"author":[{"embeddable":true,"href":"https:\/\/goddialogklinikken.no\/en\/wp-json\/wp\/v2\/users\/1"}],"replies":[{"embeddable":true,"href":"https:\/\/goddialogklinikken.no\/en\/wp-json\/wp\/v2\/comments?post=8"}],"version-history":[{"count":17,"href":"https:\/\/goddialogklinikken.no\/en\/wp-json\/wp\/v2\/pages\/8\/revisions"}],"predecessor-version":[{"id":213,"href":"https:\/\/goddialogklinikken.no\/en\/wp-json\/wp\/v2\/pages\/8\/revisions\/213"}],"wp:attachment":[{"href":"https:\/\/goddialogklinikken.no\/en\/wp-json\/wp\/v2\/media?parent=8"}],"curies":[{"name":"wp","href":"https:\/\/api.w.org\/{rel}","templated":true}]}}