{"id":7,"date":"2020-01-19T13:11:41","date_gmt":"2020-01-19T13:11:41","guid":{"rendered":"http:\/\/goddialogklinikken.no\/?page_id=7"},"modified":"2020-01-31T14:41:38","modified_gmt":"2020-01-31T13:41:38","slug":"about","status":"publish","type":"page","link":"https:\/\/goddialogklinikken.no\/en\/about\/","title":{"rendered":"About"},"content":{"rendered":"<p>We are two therapists who run the GOOD DIALOGUE-Clinic. We are inspired by Open Dialogue as a form of therapy. We often use this thinking as a foundation for the treatment that is offered. We wish that the people who come to the GOOD DIALOGUE-Clinic will feel respected, seen, and heard. We offer treatment for individuals and families. We also provide supervision by skype to groups in the US and Norway and trainings in Norway and internationally. <\/p>\n\n\n\n<p>GOD DIALOG-klinikken skal oppleve \u00e5 bli lyttet til, sett, h\u00f8rt og respektert.<\/p>\n\n\n\n<hr class=\"wp-block-separator\"\/>\n\n\n\n<div class=\"wp-block-image\"><figure class=\"alignright size-medium\"><img loading=\"lazy\" decoding=\"async\" width=\"225\" height=\"300\" src=\"http:\/\/goddialogklinikken.no\/wp-content\/uploads\/2020\/01\/IMG_6356-225x300.jpg\" alt=\"\" class=\"wp-image-139\" srcset=\"https:\/\/goddialogklinikken.no\/wp-content\/uploads\/2020\/01\/IMG_6356-225x300.jpg 225w, https:\/\/goddialogklinikken.no\/wp-content\/uploads\/2020\/01\/IMG_6356-768x1024.jpg 768w, https:\/\/goddialogklinikken.no\/wp-content\/uploads\/2020\/01\/IMG_6356.jpg 1000w\" sizes=\"auto, (max-width: 225px) 100vw, 225px\" \/><\/figure><\/div>\n\n\n\n<p><strong>Reiulf \u00d8istein Ruud<\/strong>, psychiatrist and family therapist<\/p>\n\n\n\n<p>After becoming a doctor in 1979, he worked as a municipality doctor and in a hospital until 1983. He thereafter worked in the specialized health services for mental health until 2015. <\/p>\n\n\n\n<p>In 1987, he became a psychiatrist and he has a two-year education in psychoanalytical psychotherapy.<\/p>\n\n\n\n<p>For two years he has worked part-time on project \u201cPsychiatrist For Share\u201d (Psykiater p\u00e5 deling) in the \u00d8ksnes and B\u00f8 municipalities.<\/p>\n\n\n\n<hr class=\"wp-block-separator\"\/>\n\n\n\n<div class=\"wp-block-image\"><figure class=\"alignright size-large is-resized\"><img loading=\"lazy\" decoding=\"async\" src=\"http:\/\/goddialogklinikken.no\/wp-content\/uploads\/2020\/01\/pia.png\" alt=\"\" class=\"wp-image-82\" width=\"222\" height=\"287\" srcset=\"https:\/\/goddialogklinikken.no\/wp-content\/uploads\/2020\/01\/pia.png 256w, https:\/\/goddialogklinikken.no\/wp-content\/uploads\/2020\/01\/pia-232x300.png 232w\" sizes=\"auto, (max-width: 222px) 100vw, 222px\" \/><figcaption>Pia Birgitte Jessen<\/figcaption><\/figure><\/div>\n\n\n\n<p><strong>Pia Birgitte Jessen<\/strong>, occupational therapist specialist in mental health and family therapy.<\/p>\n\n\n\n<p>Pia became an occupational therapist in 1980 and has worked in the specialized health services for mental health until 2016. She has had further education in psychiatric rehabilitation and guidance in a family perspective. She also has a masters in public health.<\/p>\n\n\n\n<p><\/p>\n\n\n\n<h5 class=\"wp-block-heading translation-block\"><strong>We have<\/strong><\/h5>\n\n\n\n<ul class=\"wp-block-list\"><li>Been entrepreneurs in Vester\u00e5len by building up and working with Vester\u00e5len DPS from 1988 until 2016.<\/li><li>Experience in different forms of therapy and treatment for people with mental illnesses; individuals, couples, families and groups.<\/li><li>A background in guidance, supervision and tutoring in mental health and other related areas both nationally and internationally.<\/li><li>Been engaged in project work for, amongst others, Regional and National Health Authorities.<\/li><li>A big national and international psychiatry network. Since 1996, we have met with colleagues, both domestically and internationally, to share experiences with Open dialogue in The International Meeting on the Treatment of Psychosis.<\/li><li>For many years, we have worked with professors Tom Andersen and Jaakku Seikkula who are experts in the field of Open dialogue.<\/li><\/ul>\n\n\n\n<figure class=\"wp-block-image size-large\"><img loading=\"lazy\" decoding=\"async\" width=\"1024\" height=\"576\" src=\"http:\/\/goddialogklinikken.no\/wp-content\/uploads\/2020\/01\/int3-1024x576.jpg\" alt=\"\" class=\"wp-image-98\" srcset=\"https:\/\/goddialogklinikken.no\/wp-content\/uploads\/2020\/01\/int3-1024x576.jpg 1024w, https:\/\/goddialogklinikken.no\/wp-content\/uploads\/2020\/01\/int3-300x169.jpg 300w, https:\/\/goddialogklinikken.no\/wp-content\/uploads\/2020\/01\/int3-768x432.jpg 768w, https:\/\/goddialogklinikken.no\/wp-content\/uploads\/2020\/01\/int3-1536x864.jpg 1536w, https:\/\/goddialogklinikken.no\/wp-content\/uploads\/2020\/01\/int3-1200x675.jpg 1200w, https:\/\/goddialogklinikken.no\/wp-content\/uploads\/2020\/01\/int3-1980x1114.jpg 1980w, https:\/\/goddialogklinikken.no\/wp-content\/uploads\/2020\/01\/int3.jpg 2016w\" sizes=\"auto, (max-width: 1024px) 100vw, 1024px\" \/><\/figure>","protected":false},"excerpt":{"rendered":"<p>GOD DIALOG-klinikken ble etablert i februar 2017 av Reiulf \u00d8. Ruud og Pia Birgitte Jessen. Vi er inspirert av \u00c5pen dialog som terapiform og bruker ofte denne tenkning som grunnlag i behandlingen som tilbys. Det er v\u00e5rt \u00f8nske at de som kommer til GOD DIALOG-klinikken skal oppleve \u00e5 bli lyttet til, sett, h\u00f8rt og respektert. [&hellip;]<\/p>\n","protected":false},"author":1,"featured_media":0,"parent":0,"menu_order":0,"comment_status":"closed","ping_status":"closed","template":"templates\/template-full-width.php","meta":{"footnotes":""},"class_list":["post-7","page","type-page","status-publish","hentry"],"jetpack_sharing_enabled":true,"_links":{"self":[{"href":"https:\/\/goddialogklinikken.no\/en\/wp-json\/wp\/v2\/pages\/7","targetHints":{"allow":["GET"]}}],"collection":[{"href":"https:\/\/goddialogklinikken.no\/en\/wp-json\/wp\/v2\/pages"}],"about":[{"href":"https:\/\/goddialogklinikken.no\/en\/wp-json\/wp\/v2\/types\/page"}],"author":[{"embeddable":true,"href":"https:\/\/goddialogklinikken.no\/en\/wp-json\/wp\/v2\/users\/1"}],"replies":[{"embeddable":true,"href":"https:\/\/goddialogklinikken.no\/en\/wp-json\/wp\/v2\/comments?post=7"}],"version-history":[{"count":8,"href":"https:\/\/goddialogklinikken.no\/en\/wp-json\/wp\/v2\/pages\/7\/revisions"}],"predecessor-version":[{"id":140,"href":"https:\/\/goddialogklinikken.no\/en\/wp-json\/wp\/v2\/pages\/7\/revisions\/140"}],"wp:attachment":[{"href":"https:\/\/goddialogklinikken.no\/en\/wp-json\/wp\/v2\/media?parent=7"}],"curies":[{"name":"wp","href":"https:\/\/api.w.org\/{rel}","templated":true}]}}